{"id":785,"date":"2024-04-19T08:43:44","date_gmt":"2024-04-19T06:43:44","guid":{"rendered":"http:\/\/tpetit.com\/?page_id=785"},"modified":"2024-04-19T08:45:29","modified_gmt":"2024-04-19T06:45:29","slug":"politica-de-calidad","status":"publish","type":"page","link":"http:\/\/tpetit.com\/en\/politica-de-calidad\/","title":{"rendered":"Quality policy"},"content":{"rendered":"<div data-elementor-type=\"wp-page\" data-elementor-id=\"785\" class=\"elementor elementor-785\" data-elementor-post-type=\"page\">\n\t\t\t\t\t\t<section class=\"elementor-section elementor-top-section elementor-element elementor-element-a20168a elementor-section-content-middle elementor-section-boxed elementor-section-height-default elementor-section-height-default\" data-id=\"a20168a\" data-element_type=\"section\" data-e-type=\"section\" data-settings=\"{&quot;background_background&quot;:&quot;classic&quot;}\">\n\t\t\t\t\t\t\t<div class=\"elementor-background-overlay\"><\/div>\n\t\t\t\t\t\t\t<div class=\"elementor-container elementor-column-gap-default\">\n\t\t\t\t\t<div class=\"elementor-column elementor-col-50 elementor-top-column elementor-element elementor-element-6782a8e2\" data-id=\"6782a8e2\" data-element_type=\"column\" data-e-type=\"column\">\n\t\t\t<div class=\"elementor-widget-wrap elementor-element-populated\">\n\t\t\t\t\t\t\t<\/div>\n\t\t<\/div>\n\t\t\t\t<div class=\"elementor-column elementor-col-50 elementor-top-column elementor-element elementor-element-4d919e86\" data-id=\"4d919e86\" data-element_type=\"column\" data-e-type=\"column\">\n\t\t\t<div class=\"elementor-widget-wrap elementor-element-populated\">\n\t\t\t\t\t\t<div class=\"elementor-element elementor-element-3f6f6e22 elementor-icon-list--layout-inline elementor-align-end elementor-mobile-align-center elementor-list-item-link-full_width elementor-widget elementor-widget-icon-list\" data-id=\"3f6f6e22\" data-element_type=\"widget\" data-e-type=\"widget\" data-widget_type=\"icon-list.default\">\n\t\t\t\t<div class=\"elementor-widget-container\">\n\t\t\t\t\t\t\t<ul class=\"elementor-icon-list-items elementor-inline-items\">\n\t\t\t\t\t\t\t<li class=\"elementor-icon-list-item elementor-inline-item\">\n\t\t\t\t\t\t\t\t\t\t\t<a href=\"http:\/\/tpetit.com\/en\/\">\n\n\t\t\t\t\t\t\t\t\t\t\t<span class=\"elementor-icon-list-text\">Home<\/span>\n\t\t\t\t\t\t\t\t\t\t\t<\/a>\n\t\t\t\t\t\t\t\t\t<\/li>\n\t\t\t\t\t\t\t\t<li class=\"elementor-icon-list-item elementor-inline-item\">\n\t\t\t\t\t\t\t\t\t\t\t<a href=\"http:\/\/tpetit.com\/en\/contacto\/\">\n\n\t\t\t\t\t\t\t\t\t\t\t\t<span class=\"elementor-icon-list-icon\">\n\t\t\t\t\t\t\t<svg aria-hidden=\"true\" class=\"e-font-icon-svg e-fas-angle-right\" viewbox=\"0 0 256 512\" xmlns=\"http:\/\/www.w3.org\/2000\/svg\"><path d=\"M224.3 273l-136 136c-9.4 9.4-24.6 9.4-33.9 0l-22.6-22.6c-9.4-9.4-9.4-24.6 0-33.9l96.4-96.4-96.4-96.4c-9.4-9.4-9.4-24.6 0-33.9L54.3 103c9.4-9.4 24.6-9.4 33.9 0l136 136c9.5 9.4 9.5 24.6.1 34z\"><\/path><\/svg>\t\t\t\t\t\t<\/span>\n\t\t\t\t\t\t\t\t\t\t<span class=\"elementor-icon-list-text\">Contact<\/span>\n\t\t\t\t\t\t\t\t\t\t\t<\/a>\n\t\t\t\t\t\t\t\t\t<\/li>\n\t\t\t\t\t\t<\/ul>\n\t\t\t\t\t\t<\/div>\n\t\t\t\t<\/div>\n\t\t\t\t\t<\/div>\n\t\t<\/div>\n\t\t\t\t\t<\/div>\n\t\t<\/section>\n\t\t\t\t<section class=\"elementor-section elementor-top-section elementor-element elementor-element-2d171b6 elementor-section-boxed elementor-section-height-default elementor-section-height-default\" data-id=\"2d171b6\" data-element_type=\"section\" data-e-type=\"section\" data-settings=\"{&quot;background_background&quot;:&quot;classic&quot;}\">\n\t\t\t\t\t\t\t<div class=\"elementor-background-overlay\"><\/div>\n\t\t\t\t\t\t\t<div class=\"elementor-container elementor-column-gap-default\">\n\t\t\t\t\t<div class=\"elementor-column elementor-col-100 elementor-top-column elementor-element elementor-element-51b80669\" data-id=\"51b80669\" data-element_type=\"column\" data-e-type=\"column\">\n\t\t\t<div class=\"elementor-widget-wrap elementor-element-populated\">\n\t\t\t\t\t\t<div class=\"elementor-element elementor-element-6282f27 elementor-widget elementor-widget-text-editor\" data-id=\"6282f27\" data-element_type=\"widget\" data-e-type=\"widget\" data-widget_type=\"text-editor.default\">\n\t\t\t\t<div class=\"elementor-widget-container\">\n\t\t\t\t\t\t\t\t\t<p>\u00a0<\/p><ol><li>Conocer las necesidades del cliente e intentar satisfacerlas en todas las fases de la relaci\u00f3n con \u00e9l, asegurando el cumplimiento de los requisitos exigidos por el mismo.<\/li><li>Implicaci\u00f3n del Personal, reconoci\u00e9ndolo como el principal activo de TALLERES PETIT y potenciando al m\u00e1ximo sus capacidades.<\/li><li>Inculcar en la organizaci\u00f3n el trabajo por procesos, con el objetivo de hacerlos m\u00e1s eficaces y eficientes.<\/li><li>Compromiso de la Direcci\u00f3n para potenciar la Calidad estableciendo y manteniendo un Sistema de Calidad como proceso de mejora continua.<\/li><li>Asegurar que se cumplen todos los requisitos legales que son de aplicaci\u00f3n a las actividades de la empresa y las normativas que Talleres Petit suscriba, manteniendo actualizados dichos requisitos.<\/li><li>Establecer Objetivos de Calidad y Medio Ambiente, revisando su cumplimiento, con el fin de prevenir los posibles efectos negativos de nuestras actividades en el entorno, tomando como base los requisitos legales y la mejora continua de las actividades y servicios de Talleres Petit.<\/li><\/ol><p>\u00a0<\/p><p>\u00a0\u00a0\u00a0 \u00a0\u00a0\u00a0 La Direcci\u00f3n asume la responsabilidad de transmitir la trascendencia de la adecuada comprensi\u00f3n, implantaci\u00f3n y actu: los niveles y se compromete a proporcionar los recursos adecuados para su desarrollo e implantaci\u00f3n, efectuando el col eficacia y cumpliendo rigurosamente las directrices marcadas en todo el Sistema de Calidad.<\/p><p>\u00a0\u00a0\u00a0 \u00a0\u00a0\u00a0 El Sistema de Gesti\u00f3n de la Calidad de Talleres Petit est\u00e1 basado en los requisitos de la Norma ISO 9001:2015.<\/p><p>\u00a0\u00a0\u00a0 \u00a0\u00a0\u00a0 La Direcci\u00f3n<\/p><p>\u00a0\u00a0\u00a0 \u00a0\u00a0\u00a0 10 de Julio de 2020<\/p>\t\t\t\t\t\t\t\t<\/div>\n\t\t\t\t<\/div>\n\t\t\t\t\t<\/div>\n\t\t<\/div>\n\t\t\t\t\t<\/div>\n\t\t<\/section>\n\t\t\t\t<\/div>","protected":false},"excerpt":{"rendered":"<p>Inicio Contacto \u00a0 Conocer las necesidades del cliente e intentar satisfacerlas en todas las fases de la relaci\u00f3n con \u00e9l, asegurando el cumplimiento de los requisitos exigidos por el mismo. Implicaci\u00f3n del Personal, reconoci\u00e9ndolo como el principal activo de TALLERES PETIT y potenciando al m\u00e1ximo sus capacidades. Inculcar en la organizaci\u00f3n el trabajo por procesos,&hellip;&nbsp;<a href=\"http:\/\/tpetit.com\/en\/politica-de-calidad\/\" rel=\"bookmark\"><span class=\"screen-reader-text\">Quality policy<\/span><\/a><\/p>","protected":false},"author":2,"featured_media":0,"parent":0,"menu_order":0,"comment_status":"closed","ping_status":"closed","template":"page-templates\/template-pagebuilder-full-width.php","meta":{"neve_meta_sidebar":"","neve_meta_container":"","neve_meta_enable_content_width":"off","neve_meta_content_width":100,"neve_meta_title_alignment":"","neve_meta_author_avatar":"","neve_post_elements_order":"","neve_meta_disable_header":"","neve_meta_disable_footer":"","neve_meta_disable_title":"","footnotes":""},"class_list":["post-785","page","type-page","status-publish","hentry"],"_links":{"self":[{"href":"http:\/\/tpetit.com\/en\/wp-json\/wp\/v2\/pages\/785","targetHints":{"allow":["GET"]}}],"collection":[{"href":"http:\/\/tpetit.com\/en\/wp-json\/wp\/v2\/pages"}],"about":[{"href":"http:\/\/tpetit.com\/en\/wp-json\/wp\/v2\/types\/page"}],"author":[{"embeddable":true,"href":"http:\/\/tpetit.com\/en\/wp-json\/wp\/v2\/users\/2"}],"replies":[{"embeddable":true,"href":"http:\/\/tpetit.com\/en\/wp-json\/wp\/v2\/comments?post=785"}],"version-history":[{"count":4,"href":"http:\/\/tpetit.com\/en\/wp-json\/wp\/v2\/pages\/785\/revisions"}],"predecessor-version":[{"id":789,"href":"http:\/\/tpetit.com\/en\/wp-json\/wp\/v2\/pages\/785\/revisions\/789"}],"wp:attachment":[{"href":"http:\/\/tpetit.com\/en\/wp-json\/wp\/v2\/media?parent=785"}],"curies":[{"name":"wp","href":"https:\/\/api.w.org\/{rel}","templated":true}]}}