{"id":238,"date":"2023-11-25T22:31:22","date_gmt":"2023-11-25T21:31:22","guid":{"rendered":"http:\/\/tpetit.com\/?page_id=238"},"modified":"2024-04-30T19:04:28","modified_gmt":"2024-04-30T17:04:28","slug":"mantenimiento","status":"publish","type":"page","link":"http:\/\/tpetit.com\/en\/mantenimiento\/","title":{"rendered":"Maintenance"},"content":{"rendered":"<div data-elementor-type=\"wp-page\" data-elementor-id=\"238\" class=\"elementor elementor-238\" data-elementor-post-type=\"page\">\n\t\t\t\t\t\t<section class=\"elementor-section elementor-top-section elementor-element elementor-element-4824cbc7 elementor-section-content-middle elementor-section-boxed elementor-section-height-default elementor-section-height-default\" data-id=\"4824cbc7\" data-element_type=\"section\" data-e-type=\"section\" data-settings=\"{&quot;background_background&quot;:&quot;classic&quot;}\">\n\t\t\t\t\t\t\t<div class=\"elementor-background-overlay\"><\/div>\n\t\t\t\t\t\t\t<div class=\"elementor-container elementor-column-gap-default\">\n\t\t\t\t\t<div class=\"elementor-column elementor-col-50 elementor-top-column elementor-element elementor-element-63752a63\" data-id=\"63752a63\" data-element_type=\"column\" data-e-type=\"column\">\n\t\t\t<div class=\"elementor-widget-wrap elementor-element-populated\">\n\t\t\t\t\t\t\t<\/div>\n\t\t<\/div>\n\t\t\t\t<div class=\"elementor-column elementor-col-50 elementor-top-column elementor-element elementor-element-51e6c1f4\" data-id=\"51e6c1f4\" data-element_type=\"column\" data-e-type=\"column\">\n\t\t\t<div class=\"elementor-widget-wrap elementor-element-populated\">\n\t\t\t\t\t\t<div class=\"elementor-element elementor-element-2141e1a2 elementor-icon-list--layout-inline elementor-align-end elementor-mobile-align-center elementor-list-item-link-full_width elementor-widget elementor-widget-icon-list\" data-id=\"2141e1a2\" data-element_type=\"widget\" data-e-type=\"widget\" data-widget_type=\"icon-list.default\">\n\t\t\t\t<div class=\"elementor-widget-container\">\n\t\t\t\t\t\t\t<ul class=\"elementor-icon-list-items elementor-inline-items\">\n\t\t\t\t\t\t\t<li class=\"elementor-icon-list-item elementor-inline-item\">\n\t\t\t\t\t\t\t\t\t\t\t<a href=\"http:\/\/tpetit.com\/en\/\">\n\n\t\t\t\t\t\t\t\t\t\t\t<span class=\"elementor-icon-list-text\">Home<\/span>\n\t\t\t\t\t\t\t\t\t\t\t<\/a>\n\t\t\t\t\t\t\t\t\t<\/li>\n\t\t\t\t\t\t\t\t<li class=\"elementor-icon-list-item elementor-inline-item\">\n\t\t\t\t\t\t\t\t\t\t\t<span class=\"elementor-icon-list-icon\">\n\t\t\t\t\t\t\t<svg aria-hidden=\"true\" class=\"e-font-icon-svg e-fas-angle-right\" viewbox=\"0 0 256 512\" xmlns=\"http:\/\/www.w3.org\/2000\/svg\"><path d=\"M224.3 273l-136 136c-9.4 9.4-24.6 9.4-33.9 0l-22.6-22.6c-9.4-9.4-9.4-24.6 0-33.9l96.4-96.4-96.4-96.4c-9.4-9.4-9.4-24.6 0-33.9L54.3 103c9.4-9.4 24.6-9.4 33.9 0l136 136c9.5 9.4 9.5 24.6.1 34z\"><\/path><\/svg>\t\t\t\t\t\t<\/span>\n\t\t\t\t\t\t\t\t\t\t<span class=\"elementor-icon-list-text\"><\/span>\n\t\t\t\t\t\t\t\t\t<\/li>\n\t\t\t\t\t\t<\/ul>\n\t\t\t\t\t\t<\/div>\n\t\t\t\t<\/div>\n\t\t\t\t\t<\/div>\n\t\t<\/div>\n\t\t\t\t\t<\/div>\n\t\t<\/section>\n\t\t\t\t<section class=\"elementor-section elementor-top-section elementor-element elementor-element-28ac973e elementor-section-boxed elementor-section-height-default elementor-section-height-default\" data-id=\"28ac973e\" data-element_type=\"section\" data-e-type=\"section\">\n\t\t\t\t\t\t<div class=\"elementor-container elementor-column-gap-default\">\n\t\t\t\t\t<div class=\"elementor-column elementor-col-50 elementor-top-column elementor-element elementor-element-5480e7d2\" data-id=\"5480e7d2\" data-element_type=\"column\" data-e-type=\"column\">\n\t\t\t<div class=\"elementor-widget-wrap elementor-element-populated\">\n\t\t\t\t\t\t<div class=\"elementor-element elementor-element-1f1fd9a2 elementor-widget elementor-widget-heading\" data-id=\"1f1fd9a2\" data-element_type=\"widget\" data-e-type=\"widget\" data-widget_type=\"heading.default\">\n\t\t\t\t<div class=\"elementor-widget-container\">\n\t\t\t\t\t<h2 class=\"elementor-heading-title elementor-size-default\">professional service<\/h2>\t\t\t\t<\/div>\n\t\t\t\t<\/div>\n\t\t\t\t<div class=\"elementor-element elementor-element-2d413e9d elementor-widget elementor-widget-heading\" data-id=\"2d413e9d\" data-element_type=\"widget\" data-e-type=\"widget\" data-widget_type=\"heading.default\">\n\t\t\t\t<div class=\"elementor-widget-container\">\n\t\t\t\t\t<h2 class=\"elementor-heading-title elementor-size-default\">experience and professionalism<\/h2>\t\t\t\t<\/div>\n\t\t\t\t<\/div>\n\t\t\t\t<div class=\"elementor-element elementor-element-621d23d7 elementor-widget elementor-widget-text-editor\" data-id=\"621d23d7\" data-element_type=\"widget\" data-e-type=\"widget\" data-widget_type=\"text-editor.default\">\n\t\t\t\t<div class=\"elementor-widget-container\">\n\t\t\t\t\t\t\t\t\t<p>We offer specialized services in the maintenance and repair of rotating electrical machines: LV &amp; HV motors in both AC as DC, generators, and more.<\/p><p>Our commitment is to keep your assets in top condition, minimizing downtime and ensuring a performance reliable.<\/p><p>Also available in Atex certification for the repair of engines working in explosive atmospheres.<\/p>\t\t\t\t\t\t\t\t<\/div>\n\t\t\t\t<\/div>\n\t\t\t\t\t<\/div>\n\t\t<\/div>\n\t\t\t\t<div class=\"elementor-column elementor-col-50 elementor-top-column elementor-element elementor-element-57de264c\" data-id=\"57de264c\" data-element_type=\"column\" data-e-type=\"column\">\n\t\t\t<div class=\"elementor-widget-wrap elementor-element-populated\">\n\t\t\t\t\t\t<div class=\"elementor-element elementor-element-761d9824 elementor-hidden-phone elementor-widget elementor-widget-image\" data-id=\"761d9824\" data-element_type=\"widget\" data-e-type=\"widget\" data-widget_type=\"image.default\">\n\t\t\t\t<div class=\"elementor-widget-container\">\n\t\t\t\t\t\t\t\t\t\t\t\t\t\t\t<img fetchpriority=\"high\" decoding=\"async\" width=\"2560\" height=\"1920\" src=\"http:\/\/tpetit.com\/wp-content\/uploads\/2023\/11\/CONTRA-PORTADA-scaled.jpeg\" class=\"attachment-full size-full wp-image-253\" alt=\"\" srcset=\"http:\/\/tpetit.com\/wp-content\/uploads\/2023\/11\/CONTRA-PORTADA-scaled.jpeg 2560w, http:\/\/tpetit.com\/wp-content\/uploads\/2023\/11\/CONTRA-PORTADA-300x225.jpeg 300w, http:\/\/tpetit.com\/wp-content\/uploads\/2023\/11\/CONTRA-PORTADA-1024x768.jpeg 1024w, http:\/\/tpetit.com\/wp-content\/uploads\/2023\/11\/CONTRA-PORTADA-768x576.jpeg 768w, http:\/\/tpetit.com\/wp-content\/uploads\/2023\/11\/CONTRA-PORTADA-1536x1152.jpeg 1536w, http:\/\/tpetit.com\/wp-content\/uploads\/2023\/11\/CONTRA-PORTADA-2048x1536.jpeg 2048w\" sizes=\"(max-width: 2560px) 100vw, 2560px\" \/>\t\t\t\t\t\t\t\t\t\t\t\t\t\t\t<\/div>\n\t\t\t\t<\/div>\n\t\t\t\t\t<\/div>\n\t\t<\/div>\n\t\t\t\t\t<\/div>\n\t\t<\/section>\n\t\t\t\t<section class=\"elementor-section elementor-top-section elementor-element elementor-element-13feec52 elementor-section-boxed elementor-section-height-default elementor-section-height-default\" data-id=\"13feec52\" data-element_type=\"section\" data-e-type=\"section\" data-settings=\"{&quot;background_background&quot;:&quot;classic&quot;}\">\n\t\t\t\t\t\t\t<div class=\"elementor-background-overlay\"><\/div>\n\t\t\t\t\t\t\t<div class=\"elementor-container elementor-column-gap-default\">\n\t\t\t\t\t<div class=\"elementor-column elementor-col-100 elementor-top-column elementor-element elementor-element-20894683\" data-id=\"20894683\" data-element_type=\"column\" data-e-type=\"column\">\n\t\t\t<div class=\"elementor-widget-wrap elementor-element-populated\">\n\t\t\t\t\t\t<div class=\"elementor-element elementor-element-82427f1 elementor-widget elementor-widget-heading\" data-id=\"82427f1\" data-element_type=\"widget\" data-e-type=\"widget\" data-widget_type=\"heading.default\">\n\t\t\t\t<div class=\"elementor-widget-container\">\n\t\t\t\t\t<h2 class=\"elementor-heading-title elementor-size-default\">OUR SERVICES<\/h2>\t\t\t\t<\/div>\n\t\t\t\t<\/div>\n\t\t\t\t<div class=\"elementor-element elementor-element-1aaa892d elementor-widget elementor-widget-text-editor\" data-id=\"1aaa892d\" data-element_type=\"widget\" data-e-type=\"widget\" data-widget_type=\"text-editor.default\">\n\t\t\t\t<div class=\"elementor-widget-container\">\n\t\t\t\t\t\t\t\t\t<p>With a highly trained team and cutting-edge technology, we guarantee the extension of the useful life of your assets and the ongoing optimization of its performance.<\/p>\t\t\t\t\t\t\t\t<\/div>\n\t\t\t\t<\/div>\n\t\t\t\t<section class=\"elementor-section elementor-inner-section elementor-element elementor-element-4f2535e7 elementor-section-boxed elementor-section-height-default elementor-section-height-default\" data-id=\"4f2535e7\" data-element_type=\"section\" data-e-type=\"section\">\n\t\t\t\t\t\t<div class=\"elementor-container elementor-column-gap-no\">\n\t\t\t\t\t<div class=\"elementor-column elementor-col-50 elementor-inner-column elementor-element elementor-element-3e702988\" data-id=\"3e702988\" data-element_type=\"column\" data-e-type=\"column\">\n\t\t\t<div class=\"elementor-widget-wrap elementor-element-populated\">\n\t\t\t\t\t\t<div class=\"elementor-element elementor-element-5a68a48d ekit-equal-height-disable elementor-widget elementor-widget-elementskit-image-box\" data-id=\"5a68a48d\" data-element_type=\"widget\" data-e-type=\"widget\" data-widget_type=\"elementskit-image-box.default\">\n\t\t\t\t<div class=\"elementor-widget-container\">\n\t\t\t\t\t<div class=\"ekit-wid-con\" >\n            <div class=\"elementskit-info-image-box ekit-image-box text-center simple-card\" >\n\n                \n                <div class=\"elementskit-box-header image-box-img-center\">\n\n                    <img decoding=\"async\" width=\"2560\" height=\"1920\" src=\"http:\/\/tpetit.com\/wp-content\/uploads\/2023\/11\/FONDO-IMPRESO-scaled.jpeg\" class=\"attachment-full size-full wp-image-256\" alt=\"\" srcset=\"http:\/\/tpetit.com\/wp-content\/uploads\/2023\/11\/FONDO-IMPRESO-scaled.jpeg 2560w, http:\/\/tpetit.com\/wp-content\/uploads\/2023\/11\/FONDO-IMPRESO-300x225.jpeg 300w, http:\/\/tpetit.com\/wp-content\/uploads\/2023\/11\/FONDO-IMPRESO-1024x768.jpeg 1024w, http:\/\/tpetit.com\/wp-content\/uploads\/2023\/11\/FONDO-IMPRESO-768x576.jpeg 768w, http:\/\/tpetit.com\/wp-content\/uploads\/2023\/11\/FONDO-IMPRESO-1536x1152.jpeg 1536w, http:\/\/tpetit.com\/wp-content\/uploads\/2023\/11\/FONDO-IMPRESO-2048x1536.jpeg 2048w\" sizes=\"(max-width: 2560px) 100vw, 2560px\" \/>\n                <\/div>\n                \n                <div class=\"elementskit-box-body ekit-image-box-body\">\n                    <div class=\"elementskit-box-content ekit-image-box-body-inner\">\n                                                <h3 class=\"elementskit-info-box-title\">\n\n                        WORKSHOP MAINTENANCE\n                        \n                    <\/h3>\n                                                            <div class=\"elementskit-box-style-content\">\n                        Preventive mantenaince, bearings replacement, rewinding, mechanical works...<\/br> .\n\n                    <\/div>\n                                    <\/div>\n\n                                <div class=\"elementskit-box-footer\">\n                    <div class=\"box-footer\">\n                        <div class=\"btn-wraper\">\n                                                            <a href=\"http:\/\/tpetit.com\/en\/mantenimiento-taller\/\" class=\"elementskit-btn whitespace--normal\">\n                                    LEARN MORE                                <\/a>\n                                                    <\/div>\n                    <\/div>\n                <\/div>\n                            <\/div>\n            <\/div>\n    <\/div>\t\t\t\t<\/div>\n\t\t\t\t<\/div>\n\t\t\t\t\t<\/div>\n\t\t<\/div>\n\t\t\t\t<div class=\"elementor-column elementor-col-50 elementor-inner-column elementor-element elementor-element-1b2e796a\" data-id=\"1b2e796a\" data-element_type=\"column\" data-e-type=\"column\">\n\t\t\t<div class=\"elementor-widget-wrap elementor-element-populated\">\n\t\t\t\t\t\t<div class=\"elementor-element elementor-element-54d93092 ekit-equal-height-disable elementor-widget elementor-widget-elementskit-image-box\" data-id=\"54d93092\" data-element_type=\"widget\" data-e-type=\"widget\" data-widget_type=\"elementskit-image-box.default\">\n\t\t\t\t<div class=\"elementor-widget-container\">\n\t\t\t\t\t<div class=\"ekit-wid-con\" >\n            <div class=\"elementskit-info-image-box ekit-image-box text-center simple-card\" >\n\n                \n                <div class=\"elementskit-box-header image-box-img-center\">\n\n                    <img decoding=\"async\" width=\"2560\" height=\"1920\" src=\"http:\/\/tpetit.com\/wp-content\/uploads\/2024\/04\/CONTRAPORTADA-scaled.jpg\" class=\"attachment-full size-full wp-image-701\" alt=\"\" srcset=\"http:\/\/tpetit.com\/wp-content\/uploads\/2024\/04\/CONTRAPORTADA-scaled.jpg 2560w, http:\/\/tpetit.com\/wp-content\/uploads\/2024\/04\/CONTRAPORTADA-300x225.jpg 300w, http:\/\/tpetit.com\/wp-content\/uploads\/2024\/04\/CONTRAPORTADA-1024x768.jpg 1024w, http:\/\/tpetit.com\/wp-content\/uploads\/2024\/04\/CONTRAPORTADA-768x576.jpg 768w, http:\/\/tpetit.com\/wp-content\/uploads\/2024\/04\/CONTRAPORTADA-1536x1152.jpg 1536w, http:\/\/tpetit.com\/wp-content\/uploads\/2024\/04\/CONTRAPORTADA-2048x1536.jpg 2048w, http:\/\/tpetit.com\/wp-content\/uploads\/2024\/04\/CONTRAPORTADA-16x12.jpg 16w\" sizes=\"(max-width: 2560px) 100vw, 2560px\" \/>\n                <\/div>\n                \n                <div class=\"elementskit-box-body ekit-image-box-body\">\n                    <div class=\"elementskit-box-content ekit-image-box-body-inner\">\n                                                <h3 class=\"elementskit-info-box-title\">\n\n                        ON-SITE MAINTENANCE\n                        \n                    <\/h3>\n                                                            <div class=\"elementskit-box-style-content\">\n                        Measurement and analysis of vibrations | Test Physical Quality of the Insulation &#034;ENCA&#034; | Alignment laser| Inspection, minor revision, and most of alternators...\n                    <\/div>\n                                    <\/div>\n\n                                <div class=\"elementskit-box-footer\">\n                    <div class=\"box-footer\">\n                        <div class=\"btn-wraper\">\n                                                            <a href=\"http:\/\/tpetit.com\/en\/mantenimiento-planta\/\" class=\"elementskit-btn whitespace--normal\">\n                                    LEARN MORE                                <\/a>\n                                                    <\/div>\n                    <\/div>\n                <\/div>\n                            <\/div>\n            <\/div>\n    <\/div>\t\t\t\t<\/div>\n\t\t\t\t<\/div>\n\t\t\t\t\t<\/div>\n\t\t<\/div>\n\t\t\t\t\t<\/div>\n\t\t<\/section>\n\t\t\t\t\t<\/div>\n\t\t<\/div>\n\t\t\t\t\t<\/div>\n\t\t<\/section>\n\t\t\t\t<section class=\"elementor-section elementor-top-section elementor-element elementor-element-31240296 elementor-section-content-middle elementor-section-boxed elementor-section-height-default elementor-section-height-default\" data-id=\"31240296\" data-element_type=\"section\" data-e-type=\"section\" data-settings=\"{&quot;background_background&quot;:&quot;classic&quot;}\">\n\t\t\t\t\t\t<div class=\"elementor-container elementor-column-gap-default\">\n\t\t\t\t\t<div class=\"elementor-column elementor-col-50 elementor-top-column elementor-element elementor-element-3066c503\" data-id=\"3066c503\" data-element_type=\"column\" data-e-type=\"column\">\n\t\t\t<div class=\"elementor-widget-wrap elementor-element-populated\">\n\t\t\t\t\t\t<div class=\"elementor-element elementor-element-5e4f81ff elementor-widget elementor-widget-heading\" data-id=\"5e4f81ff\" data-element_type=\"widget\" data-e-type=\"widget\" data-widget_type=\"heading.default\">\n\t\t\t\t<div class=\"elementor-widget-container\">\n\t\t\t\t\t<h2 class=\"elementor-heading-title elementor-size-default\">Can we help you?<\/h2>\t\t\t\t<\/div>\n\t\t\t\t<\/div>\n\t\t\t\t<div class=\"elementor-element elementor-element-7744c402 elementor-widget elementor-widget-text-editor\" data-id=\"7744c402\" data-element_type=\"widget\" data-e-type=\"widget\" data-widget_type=\"text-editor.default\">\n\t\t\t\t<div class=\"elementor-widget-container\">\n\t\t\t\t\t\t\t\t\t<p>Send us your inquiry and we will reply within 24 hours. following receipt of your inquiry, always in working days.<\/p><div id=\"wpcf7-f5-p1298-o1\" class=\"wpcf7\" dir=\"ltr\" lang=\"es-ES\" role=\"form\"><div class=\"screen-reader-response\">\u00a0<\/div><form class=\"wpcf7-form init\" action=\"http:\/\/tpetit.com\/en\/contacto\/#wpcf7-f5-p1298-o1\" method=\"post\" novalidate=\"novalidate\" data-status=\"init\" data-trp-original-action=\"http:\/\/tpetit.com\/contacto\/#wpcf7-f5-p1298-o1\"><input type=\"hidden\" name=\"trp-form-language\" value=\"en\"\/><\/form><\/div>\t\t\t\t\t\t\t\t<\/div>\n\t\t\t\t<\/div>\n\t\t\t\t\t<\/div>\n\t\t<\/div>\n\t\t\t\t<div class=\"elementor-column elementor-col-50 elementor-top-column elementor-element elementor-element-596c6eca\" data-id=\"596c6eca\" data-element_type=\"column\" data-e-type=\"column\">\n\t\t\t<div class=\"elementor-widget-wrap elementor-element-populated\">\n\t\t\t\t\t\t<div class=\"elementor-element elementor-element-3f36521 elementor-align-right elementor-tablet-align-center elementor-mobile-align-center elementor-widget elementor-widget-button\" data-id=\"3f36521\" data-element_type=\"widget\" data-e-type=\"widget\" data-widget_type=\"button.default\">\n\t\t\t\t<div class=\"elementor-widget-container\">\n\t\t\t\t\t\t\t\t\t<div class=\"elementor-button-wrapper\">\n\t\t\t\t\t<a class=\"elementor-button elementor-button-link elementor-size-sm\" href=\"http:\/\/tpetit.com\/en\/contacto\/\">\n\t\t\t\t\t\t<span class=\"elementor-button-content-wrapper\">\n\t\t\t\t\t\t\t\t\t<span class=\"elementor-button-text\">contact<\/span>\n\t\t\t\t\t<\/span>\n\t\t\t\t\t<\/a>\n\t\t\t\t<\/div>\n\t\t\t\t\t\t\t\t<\/div>\n\t\t\t\t<\/div>\n\t\t\t\t\t<\/div>\n\t\t<\/div>\n\t\t\t\t\t<\/div>\n\t\t<\/section>\n\t\t\t\t<\/div>","protected":false},"excerpt":{"rendered":"<p>Inicio servicio profesional experiencia y profesionalidad Ofrecemos servicios especializados en el mantenimiento y reparaci\u00f3n de m\u00e1quinas el\u00e9ctricas rotativas: motores de baja y media tensi\u00f3n tanto de corriente alterna como continua, generadores y m\u00e1s. Nuestro compromiso es mantener tus activos en \u00f3ptimas condiciones, minimizando tiempos de inactividad y asegurando un rendimineto fiable. Tambi\u00e9n disponemos de de&hellip;&nbsp;<a href=\"http:\/\/tpetit.com\/en\/mantenimiento\/\" rel=\"bookmark\"><span class=\"screen-reader-text\">Maintenance<\/span><\/a><\/p>","protected":false},"author":2,"featured_media":0,"parent":0,"menu_order":0,"comment_status":"closed","ping_status":"closed","template":"page-templates\/template-pagebuilder-full-width.php","meta":{"neve_meta_sidebar":"","neve_meta_container":"","neve_meta_enable_content_width":"off","neve_meta_content_width":100,"neve_meta_title_alignment":"","neve_meta_author_avatar":"","neve_post_elements_order":"","neve_meta_disable_header":"","neve_meta_disable_footer":"","neve_meta_disable_title":"","footnotes":""},"class_list":["post-238","page","type-page","status-publish","hentry"],"_links":{"self":[{"href":"http:\/\/tpetit.com\/en\/wp-json\/wp\/v2\/pages\/238","targetHints":{"allow":["GET"]}}],"collection":[{"href":"http:\/\/tpetit.com\/en\/wp-json\/wp\/v2\/pages"}],"about":[{"href":"http:\/\/tpetit.com\/en\/wp-json\/wp\/v2\/types\/page"}],"author":[{"embeddable":true,"href":"http:\/\/tpetit.com\/en\/wp-json\/wp\/v2\/users\/2"}],"replies":[{"embeddable":true,"href":"http:\/\/tpetit.com\/en\/wp-json\/wp\/v2\/comments?post=238"}],"version-history":[{"count":40,"href":"http:\/\/tpetit.com\/en\/wp-json\/wp\/v2\/pages\/238\/revisions"}],"predecessor-version":[{"id":808,"href":"http:\/\/tpetit.com\/en\/wp-json\/wp\/v2\/pages\/238\/revisions\/808"}],"wp:attachment":[{"href":"http:\/\/tpetit.com\/en\/wp-json\/wp\/v2\/media?parent=238"}],"curies":[{"name":"wp","href":"https:\/\/api.w.org\/{rel}","templated":true}]}}